{"id":11229,"date":"2022-04-21T11:27:18","date_gmt":"2022-04-21T11:27:18","guid":{"rendered":"https:\/\/laimesrankdarbiai.lt\/?post_type=product&#038;p=11229"},"modified":"2024-11-11T15:08:47","modified_gmt":"2024-11-11T15:08:47","slug":"pilkasjautis","status":"publish","type":"product","link":"https:\/\/laimesrankdarbiai.lt\/index.php\/product\/pilkasjautis\/","title":{"rendered":"Pilkas jautis"},"content":{"rendered":"<p>Norintys u\u017esisakyti pra\u0161ome susisiekti el.pa\u0161tu <strong>info@laimesrankdarbiai.lt <\/strong>ra\u0161yti per<strong>\u00a0Messenger\u012f\u00a0<\/strong>\u017einut\u0119 arba<strong>\u00a0tel. +370 611 17196<\/strong><\/p>\n","protected":false},"excerpt":{"rendered":"<p>Si\u016bl\u0173 sud\u0117tis:<\/p>\n<p>55 proc. medviln\u0117, 45 proc. akrilas<\/p>\n<p>Dydis 27 cm<\/p>\n<div dir=\"auto\">Prie\u017ei\u016bra: rekomenduojama skalbti rankomis, i\u0161sausinti rank\u0161luos\u010diu ir leisti i\u0161d\u017ei\u016bti.<\/div>\n","protected":false},"featured_media":11100,"template":"","meta":[],"product_brand":[],"product_cat":[72,78],"product_tag":[],"class_list":{"0":"post-11229","1":"product","2":"type-product","3":"status-publish","4":"has-post-thumbnail","6":"product_cat-nertizaislai","7":"product_cat-visi","9":"first","10":"onbackorder","11":"shipping-taxable","12":"purchasable","13":"product-type-simple"},"aioseo_notices":[],"_links":{"self":[{"href":"https:\/\/laimesrankdarbiai.lt\/index.php\/wp-json\/wp\/v2\/product\/11229","targetHints":{"allow":["GET"]}}],"collection":[{"href":"https:\/\/laimesrankdarbiai.lt\/index.php\/wp-json\/wp\/v2\/product"}],"about":[{"href":"https:\/\/laimesrankdarbiai.lt\/index.php\/wp-json\/wp\/v2\/types\/product"}],"wp:featuredmedia":[{"embeddable":true,"href":"https:\/\/laimesrankdarbiai.lt\/index.php\/wp-json\/wp\/v2\/media\/11100"}],"wp:attachment":[{"href":"https:\/\/laimesrankdarbiai.lt\/index.php\/wp-json\/wp\/v2\/media?parent=11229"}],"wp:term":[{"taxonomy":"product_brand","embeddable":true,"href":"https:\/\/laimesrankdarbiai.lt\/index.php\/wp-json\/wp\/v2\/product_brand?post=11229"},{"taxonomy":"product_cat","embeddable":true,"href":"https:\/\/laimesrankdarbiai.lt\/index.php\/wp-json\/wp\/v2\/product_cat?post=11229"},{"taxonomy":"product_tag","embeddable":true,"href":"https:\/\/laimesrankdarbiai.lt\/index.php\/wp-json\/wp\/v2\/product_tag?post=11229"}],"curies":[{"name":"wp","href":"https:\/\/api.w.org\/{rel}","templated":true}]}}