{"id":11230,"date":"2022-04-21T11:33:58","date_gmt":"2022-04-21T11:33:58","guid":{"rendered":"https:\/\/laimesrankdarbiai.lt\/?post_type=product&#038;p=11230"},"modified":"2024-11-11T15:09:46","modified_gmt":"2024-11-11T15:09:46","slug":"rudasjautis","status":"publish","type":"product","link":"https:\/\/laimesrankdarbiai.lt\/index.php\/product\/rudasjautis\/","title":{"rendered":"Rudas jautis"},"content":{"rendered":"","protected":false},"excerpt":{"rendered":"<div dir=\"auto\">Si\u016bl\u0173 sud\u0117tis:<\/div>\n<div dir=\"auto\">55 proc. medviln\u0117, 45 proc. akrilas. Dydis 30 cm<\/div>\n<div dir=\"auto\"><\/div>\n<div dir=\"auto\">Prie\u017ei\u016bra: rekomenduojama skalbti rankomis, i\u0161sausinti rank\u0161luos\u010diu ir leisti i\u0161d\u017ei\u016bti.<\/div>\n","protected":false},"featured_media":11097,"template":"","meta":[],"product_brand":[],"product_cat":[72,78,76],"product_tag":[],"class_list":{"0":"post-11230","1":"product","2":"type-product","3":"status-publish","4":"has-post-thumbnail","6":"product_cat-nertizaislai","7":"product_cat-visi","8":"product_cat-zaislai-uzsakomieji","10":"first","11":"onbackorder","12":"shipping-taxable","13":"purchasable","14":"product-type-simple"},"aioseo_notices":[],"_links":{"self":[{"href":"https:\/\/laimesrankdarbiai.lt\/index.php\/wp-json\/wp\/v2\/product\/11230","targetHints":{"allow":["GET"]}}],"collection":[{"href":"https:\/\/laimesrankdarbiai.lt\/index.php\/wp-json\/wp\/v2\/product"}],"about":[{"href":"https:\/\/laimesrankdarbiai.lt\/index.php\/wp-json\/wp\/v2\/types\/product"}],"wp:featuredmedia":[{"embeddable":true,"href":"https:\/\/laimesrankdarbiai.lt\/index.php\/wp-json\/wp\/v2\/media\/11097"}],"wp:attachment":[{"href":"https:\/\/laimesrankdarbiai.lt\/index.php\/wp-json\/wp\/v2\/media?parent=11230"}],"wp:term":[{"taxonomy":"product_brand","embeddable":true,"href":"https:\/\/laimesrankdarbiai.lt\/index.php\/wp-json\/wp\/v2\/product_brand?post=11230"},{"taxonomy":"product_cat","embeddable":true,"href":"https:\/\/laimesrankdarbiai.lt\/index.php\/wp-json\/wp\/v2\/product_cat?post=11230"},{"taxonomy":"product_tag","embeddable":true,"href":"https:\/\/laimesrankdarbiai.lt\/index.php\/wp-json\/wp\/v2\/product_tag?post=11230"}],"curies":[{"name":"wp","href":"https:\/\/api.w.org\/{rel}","templated":true}]}}