{"id":11363,"date":"2022-06-29T05:27:17","date_gmt":"2022-06-29T05:27:17","guid":{"rendered":"https:\/\/laimesrankdarbiai.lt\/?post_type=product&#038;p=11363"},"modified":"2024-02-04T16:55:24","modified_gmt":"2024-02-04T16:55:24","slug":"berniukas","status":"publish","type":"product","link":"https:\/\/laimesrankdarbiai.lt\/index.php\/product\/berniukas\/","title":{"rendered":"Berniukas"},"content":{"rendered":"<p>Spalva gali ne\u017eymiai skirtis nuo pavaizduotos nuotraukoje, tai priklauso nuo J\u016bs\u0173 kompiuterio ar telefono ekrano ry\u0161kumo nustatym\u0173.<\/p>\n","protected":false},"excerpt":{"rendered":"<p>Si\u016bl\u0173 sud\u0117tis: 55 proc. medviln\u0117, 45 proc. akrilas.<\/p>\n<p>Dydis ~13 cm<\/p>\n<p>U\u017epildas \u2013 poliesterio kam\u0161alas (sintetiniai PES pluo\u0161to kamuoliukai).<\/p>\n<p>Prie\u017ei\u016bra: rekomenduojama skalbti rankomis, nusausinti rank\u0161luos\u010diu ir leisti i\u0161d\u017ei\u016bti.<\/p>\n","protected":false},"featured_media":11365,"template":"","meta":[],"product_brand":[],"product_cat":[72,78],"product_tag":[],"class_list":{"0":"post-11363","1":"product","2":"type-product","3":"status-publish","4":"has-post-thumbnail","6":"product_cat-nertizaislai","7":"product_cat-visi","9":"first","10":"instock","11":"shipping-taxable","12":"purchasable","13":"product-type-simple"},"aioseo_notices":[],"_links":{"self":[{"href":"https:\/\/laimesrankdarbiai.lt\/index.php\/wp-json\/wp\/v2\/product\/11363","targetHints":{"allow":["GET"]}}],"collection":[{"href":"https:\/\/laimesrankdarbiai.lt\/index.php\/wp-json\/wp\/v2\/product"}],"about":[{"href":"https:\/\/laimesrankdarbiai.lt\/index.php\/wp-json\/wp\/v2\/types\/product"}],"wp:featuredmedia":[{"embeddable":true,"href":"https:\/\/laimesrankdarbiai.lt\/index.php\/wp-json\/wp\/v2\/media\/11365"}],"wp:attachment":[{"href":"https:\/\/laimesrankdarbiai.lt\/index.php\/wp-json\/wp\/v2\/media?parent=11363"}],"wp:term":[{"taxonomy":"product_brand","embeddable":true,"href":"https:\/\/laimesrankdarbiai.lt\/index.php\/wp-json\/wp\/v2\/product_brand?post=11363"},{"taxonomy":"product_cat","embeddable":true,"href":"https:\/\/laimesrankdarbiai.lt\/index.php\/wp-json\/wp\/v2\/product_cat?post=11363"},{"taxonomy":"product_tag","embeddable":true,"href":"https:\/\/laimesrankdarbiai.lt\/index.php\/wp-json\/wp\/v2\/product_tag?post=11363"}],"curies":[{"name":"wp","href":"https:\/\/api.w.org\/{rel}","templated":true}]}}