{"id":11479,"date":"2022-11-06T09:25:52","date_gmt":"2022-11-06T09:25:52","guid":{"rendered":"https:\/\/laimesrankdarbiai.lt\/?post_type=product&#038;p=11479"},"modified":"2024-02-04T16:45:03","modified_gmt":"2024-02-04T16:45:03","slug":"nykstukas","status":"publish","type":"product","link":"https:\/\/laimesrankdarbiai.lt\/index.php\/product\/nykstukas\/","title":{"rendered":"Nyk\u0161tukas"},"content":{"rendered":"<p>\u017daisminga nam\u0173 dekoracija kal\u0117dinei nuotaikai kurti. Dydis kartu su kojyt\u0117m apie 67 cm, s\u0117din\u010dio 43 cm.<\/p>\n<p>Spalva gali ne\u017eymiai skirtis nuo pavaizduotos nuotraukoje, tai priklauso nuo J\u016bs\u0173 kompiuterio ar telefono ekrano ry\u0161kumo nustatym\u0173.<\/p>\n","protected":false},"excerpt":{"rendered":"<p>Pliu\u0161iniai si\u016blai<\/p>\n<p>U\u017epildas \u2013 poliesterio kam\u0161alas (sintetiniai PES pluo\u0161to kamuoliukai).<\/p>\n","protected":false},"featured_media":11480,"template":"","meta":[],"product_brand":[],"product_cat":[75,72,70,78,76],"product_tag":[],"class_list":{"0":"post-11479","1":"product","2":"type-product","3":"status-publish","4":"has-post-thumbnail","6":"product_cat-interjerodetales","7":"product_cat-nertizaislai","8":"product_cat-populiarus","9":"product_cat-visi","10":"product_cat-zaislai-uzsakomieji","12":"first","13":"onbackorder","14":"shipping-taxable","15":"purchasable","16":"product-type-simple"},"aioseo_notices":[],"_links":{"self":[{"href":"https:\/\/laimesrankdarbiai.lt\/index.php\/wp-json\/wp\/v2\/product\/11479","targetHints":{"allow":["GET"]}}],"collection":[{"href":"https:\/\/laimesrankdarbiai.lt\/index.php\/wp-json\/wp\/v2\/product"}],"about":[{"href":"https:\/\/laimesrankdarbiai.lt\/index.php\/wp-json\/wp\/v2\/types\/product"}],"wp:featuredmedia":[{"embeddable":true,"href":"https:\/\/laimesrankdarbiai.lt\/index.php\/wp-json\/wp\/v2\/media\/11480"}],"wp:attachment":[{"href":"https:\/\/laimesrankdarbiai.lt\/index.php\/wp-json\/wp\/v2\/media?parent=11479"}],"wp:term":[{"taxonomy":"product_brand","embeddable":true,"href":"https:\/\/laimesrankdarbiai.lt\/index.php\/wp-json\/wp\/v2\/product_brand?post=11479"},{"taxonomy":"product_cat","embeddable":true,"href":"https:\/\/laimesrankdarbiai.lt\/index.php\/wp-json\/wp\/v2\/product_cat?post=11479"},{"taxonomy":"product_tag","embeddable":true,"href":"https:\/\/laimesrankdarbiai.lt\/index.php\/wp-json\/wp\/v2\/product_tag?post=11479"}],"curies":[{"name":"wp","href":"https:\/\/api.w.org\/{rel}","templated":true}]}}