{"id":11604,"date":"2023-09-28T10:35:32","date_gmt":"2023-09-28T10:35:32","guid":{"rendered":"https:\/\/laimesrankdarbiai.lt\/?post_type=product&#038;p=11604"},"modified":"2024-11-11T18:39:16","modified_gmt":"2024-11-11T18:39:16","slug":"migdukas-barskutis-ir-merliukas-ivairiu-spalvu","status":"publish","type":"product","link":"https:\/\/laimesrankdarbiai.lt\/index.php\/product\/migdukas-barskutis-ir-merliukas-ivairiu-spalvu\/","title":{"rendered":"Migdukas, bar\u0161kutis ir merliukas (\u012fvairi\u0173 spalv\u0173)"},"content":{"rendered":"<p>Zuiku\u010diai taps geriausiais j\u016bs\u0173 vaiku\u010dio draugais ir vaikyst\u0117s palydovais. Kramtukas-bar\u0161kutis bus reikalingas pirmaisiais gyvenimo metais. Migdukas nuo gimimo suteiks vaikui taip reikaling\u0105 saugumo poj\u016bt\u012f.<\/p>\n<p>\u017daislai visi\u0161kai saug\u016bs, be plastikini\u0173 detali\u0173, n\u0117ra rizikos u\u017espringti, nenaudojami klijai, viskas prisi\u016bta.<br \/>\nKomplekt\u0105 galite dovanoti vaiku\u010diui jo palankyn\u0173 ar bet kuria kita proga.<\/p>\n<p>Spalva gali ne\u017eymiai skirtis nuo pavaizduotos nuotraukoje, tai priklauso nuo J\u016bs\u0173 kompiuterio ar telefono ekrano ry\u0161kumo nustatym\u0173.<\/p>\n","protected":false},"excerpt":{"rendered":"<p>Si\u016bl\u0173 sud\u0117tis: 55 proc. medviln\u0117, 45 proc. akrilas. U\u017epildas \u2013 poliesterio kam\u0161alas (sintetiniai PES pluo\u0161to kamuoliukai). Medinis \u017eiedas.<br \/>\nDyd\u017eiai:<br \/>\nmigdukas 30\u00d730 cm<br \/>\nbar\u0161kutis-kramtukas 18 cm, medinio \u017eiedo dydis 7 cm<br \/>\nmerliukas 60\u00d760 cm<br \/>\nPrie\u017ei\u016bra: rekomenduojama skalbti rankomis, nusausinti rank\u0161luos\u010diu ir leisti i\u0161d\u017ei\u016bti.<\/p>\n","protected":false},"featured_media":11605,"template":"","meta":[],"product_brand":[],"product_cat":[71,72,70,78],"product_tag":[],"class_list":{"0":"post-11604","1":"product","2":"type-product","3":"status-publish","4":"has-post-thumbnail","6":"product_cat-komplektas","7":"product_cat-nertizaislai","8":"product_cat-populiarus","9":"product_cat-visi","11":"first","12":"instock","13":"shipping-taxable","14":"purchasable","15":"product-type-simple"},"aioseo_notices":[],"_links":{"self":[{"href":"https:\/\/laimesrankdarbiai.lt\/index.php\/wp-json\/wp\/v2\/product\/11604","targetHints":{"allow":["GET"]}}],"collection":[{"href":"https:\/\/laimesrankdarbiai.lt\/index.php\/wp-json\/wp\/v2\/product"}],"about":[{"href":"https:\/\/laimesrankdarbiai.lt\/index.php\/wp-json\/wp\/v2\/types\/product"}],"wp:featuredmedia":[{"embeddable":true,"href":"https:\/\/laimesrankdarbiai.lt\/index.php\/wp-json\/wp\/v2\/media\/11605"}],"wp:attachment":[{"href":"https:\/\/laimesrankdarbiai.lt\/index.php\/wp-json\/wp\/v2\/media?parent=11604"}],"wp:term":[{"taxonomy":"product_brand","embeddable":true,"href":"https:\/\/laimesrankdarbiai.lt\/index.php\/wp-json\/wp\/v2\/product_brand?post=11604"},{"taxonomy":"product_cat","embeddable":true,"href":"https:\/\/laimesrankdarbiai.lt\/index.php\/wp-json\/wp\/v2\/product_cat?post=11604"},{"taxonomy":"product_tag","embeddable":true,"href":"https:\/\/laimesrankdarbiai.lt\/index.php\/wp-json\/wp\/v2\/product_tag?post=11604"}],"curies":[{"name":"wp","href":"https:\/\/api.w.org\/{rel}","templated":true}]}}