{"id":11724,"date":"2024-11-11T18:05:25","date_gmt":"2024-11-11T18:05:25","guid":{"rendered":"https:\/\/laimesrankdarbiai.lt\/?post_type=product&#038;p=11724"},"modified":"2024-11-11T18:07:22","modified_gmt":"2024-11-11T18:07:22","slug":"barskutis-meskutis-ir-kojinytes","status":"publish","type":"product","link":"https:\/\/laimesrankdarbiai.lt\/index.php\/product\/barskutis-meskutis-ir-kojinytes\/","title":{"rendered":"Bar\u0161kutis-me\u0161kutis ir kojinyt\u0117s"},"content":{"rendered":"<p>Vaiku\u010di\u0173 p\u0117dut\u0117s da\u017enai b\u016bna v\u0117sios, o vilnel\u0117s kojin\u0117s stimuliuoja kraujotak\u0105 ir \u0161ildo.<br \/>\nBar\u0161kutis-kramtukas bus reikalingas pirmaisiais gyvenimo metais. Ir merliukas, kuri\u0173 auginant vaikut\u012f niekada neb\u016bna per daug.<\/p>\n<p>Komplektuk\u0105 sudaro bar\u0161kutis, vilnos kojinyt\u0117s, kuri\u0173 p\u0117dut\u0117s ilgis 11 cm ir merliukas 60x60cm dyd\u017eio.<\/p>\n<p>Tai puiki dovana ma\u017eyliui!<\/p>\n","protected":false},"excerpt":{"rendered":"<p>Si\u016bl\u0173 sud\u0117tis: medviln\u0117 55 proc. akrilas 45 proc.<\/p>\n<p>U\u017epildas \u2013 poliesterio kam\u0161alas (sintetiniai PES pluo\u0161to kamuoliukai).<\/p>\n<p>Prie\u017ei\u016bra: rekomenduojama skalbti rankomis, nusausinti rank\u0161luos\u010diu ir leisti i\u0161d\u017ei\u016bti.<\/p>\n","protected":false},"featured_media":11725,"template":"","meta":[],"product_brand":[],"product_cat":[71,72,70,78],"product_tag":[],"class_list":{"0":"post-11724","1":"product","2":"type-product","3":"status-publish","4":"has-post-thumbnail","6":"product_cat-komplektas","7":"product_cat-nertizaislai","8":"product_cat-populiarus","9":"product_cat-visi","11":"first","12":"instock","13":"shipping-taxable","14":"purchasable","15":"product-type-simple"},"aioseo_notices":[],"_links":{"self":[{"href":"https:\/\/laimesrankdarbiai.lt\/index.php\/wp-json\/wp\/v2\/product\/11724","targetHints":{"allow":["GET"]}}],"collection":[{"href":"https:\/\/laimesrankdarbiai.lt\/index.php\/wp-json\/wp\/v2\/product"}],"about":[{"href":"https:\/\/laimesrankdarbiai.lt\/index.php\/wp-json\/wp\/v2\/types\/product"}],"wp:featuredmedia":[{"embeddable":true,"href":"https:\/\/laimesrankdarbiai.lt\/index.php\/wp-json\/wp\/v2\/media\/11725"}],"wp:attachment":[{"href":"https:\/\/laimesrankdarbiai.lt\/index.php\/wp-json\/wp\/v2\/media?parent=11724"}],"wp:term":[{"taxonomy":"product_brand","embeddable":true,"href":"https:\/\/laimesrankdarbiai.lt\/index.php\/wp-json\/wp\/v2\/product_brand?post=11724"},{"taxonomy":"product_cat","embeddable":true,"href":"https:\/\/laimesrankdarbiai.lt\/index.php\/wp-json\/wp\/v2\/product_cat?post=11724"},{"taxonomy":"product_tag","embeddable":true,"href":"https:\/\/laimesrankdarbiai.lt\/index.php\/wp-json\/wp\/v2\/product_tag?post=11724"}],"curies":[{"name":"wp","href":"https:\/\/api.w.org\/{rel}","templated":true}]}}