{"id":11736,"date":"2024-11-11T18:26:08","date_gmt":"2024-11-11T18:26:08","guid":{"rendered":"https:\/\/laimesrankdarbiai.lt\/?post_type=product&#038;p=11736"},"modified":"2024-11-11T18:26:08","modified_gmt":"2024-11-11T18:26:08","slug":"zydras-komplektukas-palankynoms","status":"publish","type":"product","link":"https:\/\/laimesrankdarbiai.lt\/index.php\/product\/zydras-komplektukas-palankynoms\/","title":{"rendered":"\u017dydras komplektukas palankynoms"},"content":{"rendered":"<p>Zuiku\u010diai taps geriausiais j\u016bs\u0173 vaiku\u010dio draugais ir vaikyst\u0117s palydovais. Kramtukas-bar\u0161kutis bus reikalingas pirmaisiais gyvenimo metais. Miegantis zuikutis nuo gimimo suteiks vaikui taip reikaling\u0105 saugumo poj\u016bt\u012f.<\/p>\n<p>Komplekt\u0105 galite dovanoti vaiku\u010diui jo palankyn\u0173 ar bet kuria kita proga.<br \/>\nDyd\u017eiai:<\/p>\n<p>miegantis zuikutis nuo ausy\u010di\u0173 vir\u0161aus ~22cm<\/p>\n<p>3 vnt. merliuk\u0173 \u2013 60x60cm<\/p>\n<p>bar\u0161kutis-kramtukas 17 cm, medinio \u017eiedo dydis 7 cm.<br \/>\n\u017daislai visi\u0161kai saug\u016bs, be plastikini\u0173 detali\u0173, n\u0117ra rizikos u\u017espringti, nenaudojami klijai, viskas prisi\u016bta.<\/p>\n","protected":false},"excerpt":{"rendered":"<p>Si\u016bl\u0173 sud\u0117tis: 55 proc. medviln\u0117, 45 proc. akrilas. U\u017epildas \u2013 poliesterio kam\u0161alas (sintetiniai PES pluo\u0161to kamuoliukai). Medinis \u017eiedas.<\/p>\n<p>Prie\u017ei\u016bra: rekomenduojama skalbti rankomis, nusausinti rank\u0161luos\u010diu ir leisti i\u0161d\u017ei\u016bti.<\/p>\n","protected":false},"featured_media":11737,"template":"","meta":[],"product_brand":[],"product_cat":[71,72,70,78],"product_tag":[],"class_list":{"0":"post-11736","1":"product","2":"type-product","3":"status-publish","4":"has-post-thumbnail","6":"product_cat-komplektas","7":"product_cat-nertizaislai","8":"product_cat-populiarus","9":"product_cat-visi","11":"first","12":"instock","13":"shipping-taxable","14":"purchasable","15":"product-type-simple"},"aioseo_notices":[],"_links":{"self":[{"href":"https:\/\/laimesrankdarbiai.lt\/index.php\/wp-json\/wp\/v2\/product\/11736","targetHints":{"allow":["GET"]}}],"collection":[{"href":"https:\/\/laimesrankdarbiai.lt\/index.php\/wp-json\/wp\/v2\/product"}],"about":[{"href":"https:\/\/laimesrankdarbiai.lt\/index.php\/wp-json\/wp\/v2\/types\/product"}],"wp:featuredmedia":[{"embeddable":true,"href":"https:\/\/laimesrankdarbiai.lt\/index.php\/wp-json\/wp\/v2\/media\/11737"}],"wp:attachment":[{"href":"https:\/\/laimesrankdarbiai.lt\/index.php\/wp-json\/wp\/v2\/media?parent=11736"}],"wp:term":[{"taxonomy":"product_brand","embeddable":true,"href":"https:\/\/laimesrankdarbiai.lt\/index.php\/wp-json\/wp\/v2\/product_brand?post=11736"},{"taxonomy":"product_cat","embeddable":true,"href":"https:\/\/laimesrankdarbiai.lt\/index.php\/wp-json\/wp\/v2\/product_cat?post=11736"},{"taxonomy":"product_tag","embeddable":true,"href":"https:\/\/laimesrankdarbiai.lt\/index.php\/wp-json\/wp\/v2\/product_tag?post=11736"}],"curies":[{"name":"wp","href":"https:\/\/api.w.org\/{rel}","templated":true}]}}